{"id":1526,"date":"2025-02-18T09:24:35","date_gmt":"2025-02-18T16:24:35","guid":{"rendered":"https:\/\/absolutedispatch.com\/?page_id=1526"},"modified":"2025-03-01T16:02:12","modified_gmt":"2025-03-01T23:02:12","slug":"politica-de-privacidad","status":"publish","type":"page","link":"https:\/\/absolutedispatch.com\/en\/politica-de-privacidad\/","title":{"rendered":"Privacy Policies"},"content":{"rendered":"<div data-elementor-type=\"wp-page\" data-elementor-id=\"1526\" class=\"elementor elementor-1526\">\n\t\t\t\t<div class=\"elementor-element elementor-element-661349c4 e-flex e-con-boxed e-con e-parent\" data-id=\"661349c4\" data-element_type=\"container\" data-e-type=\"container\">\n\t\t\t\t\t<div class=\"e-con-inner\">\n\t\t\t\t<div class=\"elementor-element elementor-element-456881b elementor-widget elementor-widget-heading\" data-id=\"456881b\" data-element_type=\"widget\" data-e-type=\"widget\" data-widget_type=\"heading.default\">\n\t\t\t\t<div class=\"elementor-widget-container\">\n\t\t\t\t\t<h1 class=\"elementor-heading-title elementor-size-default\">Privacy Policies<\/h1>\t\t\t\t<\/div>\n\t\t\t\t<\/div>\n\t\t\t\t<div class=\"elementor-element elementor-element-28651db7 elementor-widget elementor-widget-text-editor\" data-id=\"28651db7\" data-element_type=\"widget\" data-e-type=\"widget\" data-widget_type=\"text-editor.default\">\n\t\t\t\t<div class=\"elementor-widget-container\">\n\t\t\t\t\t\t\t\t\t\n<p data-pm-slice=\"1 1 []\">Effective Date: February 1st, 2025<\/p>\n<p><strong>1. Introduction<\/strong><br \/>Welcome to Absolute Dispatch LLC. Your privacy is important to us. This Privacy Policy explains how we collect, use, and protect your personal information when you visit our website or use our services.<\/p>\n<p><strong>2. Information We Collect<\/strong><\/p>\n<ul data-spread=\"false\">\n<li>\n<p class=\"translation-block\">Personal Information: Name, email, phone number, company details, and any other details submitted through our contact form.<\/p>\n<\/li>\n<li>\n<p class=\"translation-block\">Usage Data: IP address, browser type, pages visited, and other analytical data.<\/p>\n<\/li>\n<li>\n<p class=\"translation-block\">Cookies and Tracking Technologies: We use cookies to enhance user experience and analyze website traffic.<\/p>\n<\/li>\n<\/ul>\n<p><strong>3. How We Use Your Information<\/strong><\/p>\n<ul data-spread=\"false\">\n<li>\n<p>To provide and improve our services.<\/p>\n<\/li>\n<li>\n<p>To communicate with you regarding inquiries or services.<\/p>\n<\/li>\n<li>\n<p>For marketing and promotional purposes.<\/p>\n<\/li>\n<li>\n<p>To comply with legal obligations.<\/p>\n<\/li>\n<\/ul>\n<p><strong>4. Data Protection and Security<\/strong><br \/>We implement appropriate security measures to protect your data. However, no online transmission is 100% secure, and we cannot guarantee absolute security.<\/p>\n<p><strong>5. Third-Party Sharing<\/strong><br \/>We do not sell or rent personal information. However, we may share data with service providers, legal authorities, or in cases of business transfers.<\/p>\n<p><strong>6. Your Rights<\/strong><br \/>You have the right to access, update, or delete your personal data. Contact us at info@absolutedispatch.com for any requests.<\/p>\n<p><strong>7. Updates to this Policy<\/strong><br \/>We may update this policy periodically. Continued use of our website constitutes acceptance of these changes.<\/p>\n<p><strong>8. Opt-In and Opt-Out Options<\/strong><br \/>By providing your information on our website, you agree to receive communications from us. You may opt out of promotional emails at any time by using the unsubscribe link in our emails or by sending a request to info@absolutedispatch.com.<\/p>\n<p><strong>9. Contact Information<\/strong><br \/>If you have any questions, please contact us at info@absolutedispatch.com.<\/p>\n\t\t\t\t\t\t\t\t<\/div>\n\t\t\t\t<\/div>\n\t\t\t\t\t<\/div>\n\t\t\t\t<\/div>\n\t\t\t\t<\/div>","protected":false},"excerpt":{"rendered":"<p>Pol\u00edticas de Privacidad Fecha de entrada en vigor: 1ero de Febrero del 2025 1. Introducci\u00f3nBienvenido a Absolute Dispatch LLC. Tu privacidad es importante para nosotros. Esta Pol\u00edtica de Privacidad explica c\u00f3mo recopilamos, usamos y protegemos tu informaci\u00f3n personal cuando visitas nuestro sitio web o utilizas nuestros servicios. 2. Informaci\u00f3n que recopilamos Informaci\u00f3n personal: Nombre, correo [&hellip;]<\/p>\n","protected":false},"author":1,"featured_media":0,"parent":0,"menu_order":0,"comment_status":"closed","ping_status":"closed","template":"","meta":{"_joinchat":[],"footnotes":""},"class_list":["post-1526","page","type-page","status-publish","hentry"],"blocksy_meta":[],"_links":{"self":[{"href":"https:\/\/absolutedispatch.com\/en\/wp-json\/wp\/v2\/pages\/1526","targetHints":{"allow":["GET"]}}],"collection":[{"href":"https:\/\/absolutedispatch.com\/en\/wp-json\/wp\/v2\/pages"}],"about":[{"href":"https:\/\/absolutedispatch.com\/en\/wp-json\/wp\/v2\/types\/page"}],"author":[{"embeddable":true,"href":"https:\/\/absolutedispatch.com\/en\/wp-json\/wp\/v2\/users\/1"}],"replies":[{"embeddable":true,"href":"https:\/\/absolutedispatch.com\/en\/wp-json\/wp\/v2\/comments?post=1526"}],"version-history":[{"count":28,"href":"https:\/\/absolutedispatch.com\/en\/wp-json\/wp\/v2\/pages\/1526\/revisions"}],"predecessor-version":[{"id":3558,"href":"https:\/\/absolutedispatch.com\/en\/wp-json\/wp\/v2\/pages\/1526\/revisions\/3558"}],"wp:attachment":[{"href":"https:\/\/absolutedispatch.com\/en\/wp-json\/wp\/v2\/media?parent=1526"}],"curies":[{"name":"wp","href":"https:\/\/api.w.org\/{rel}","templated":true}]}}