{"id":3388,"date":"2025-02-27T04:08:34","date_gmt":"2025-02-27T11:08:34","guid":{"rendered":"https:\/\/absolutedispatch.com\/?page_id=3388"},"modified":"2025-03-01T16:05:08","modified_gmt":"2025-03-01T23:05:08","slug":"terminos-y-condiciones","status":"publish","type":"page","link":"https:\/\/absolutedispatch.com\/en\/terminos-y-condiciones\/","title":{"rendered":"Terms and Conditions"},"content":{"rendered":"<div data-elementor-type=\"wp-page\" data-elementor-id=\"3388\" class=\"elementor elementor-3388\">\n\t\t\t\t<div class=\"elementor-element elementor-element-84244e1 e-flex e-con-boxed e-con e-parent\" data-id=\"84244e1\" data-element_type=\"container\" data-e-type=\"container\">\n\t\t\t\t\t<div class=\"e-con-inner\">\n\t\t\t\t<div class=\"elementor-element elementor-element-1fe4067 elementor-widget__width-inherit elementor-widget elementor-widget-heading\" data-id=\"1fe4067\" data-element_type=\"widget\" data-e-type=\"widget\" data-widget_type=\"heading.default\">\n\t\t\t\t<div class=\"elementor-widget-container\">\n\t\t\t\t\t<h1 class=\"elementor-heading-title elementor-size-default\">Terms and Conditions<\/h1>\t\t\t\t<\/div>\n\t\t\t\t<\/div>\n\t\t\t\t<div class=\"elementor-element elementor-element-0c2148e elementor-widget elementor-widget-text-editor\" data-id=\"0c2148e\" data-element_type=\"widget\" data-e-type=\"widget\" data-widget_type=\"text-editor.default\">\n\t\t\t\t<div class=\"elementor-widget-container\">\n\t\t\t\t\t\t\t\t\t<p data-start=\"0\" data-end=\"70\"><strong data-start=\"29\" data-end=\"51\">Effective Date:<\/strong> February 1st, 2025<\/p>\n<ol data-start=\"72\" data-end=\"455\">\n<li data-start=\"72\" data-end=\"236\">\n<p data-start=\"75\" data-end=\"236\"><strong data-start=\"75\" data-end=\"91\">1. Introduction<\/strong><br data-start=\"91\" data-end=\"94\" \/>These Terms govern your use of Absolute Dispatch LLC\u2019s website and services. By using our website, you agree to these Terms.<\/p>\n<\/li>\n<li data-start=\"238\" data-end=\"415\">\n<p data-start=\"241\" data-end=\"415\"><strong data-start=\"241\" data-end=\"264\">2. Services Provided<\/strong><br data-start=\"264\" data-end=\"267\" \/>We provide dispatch services, including load booking, route planning, broker verification, and related logistics assistance.<\/p>\n<\/li>\n<li data-start=\"417\" data-end=\"455\">\n<p data-start=\"420\" data-end=\"455\"><strong data-start=\"420\" data-end=\"453\">3. User Responsibilities<\/strong><\/p>\n<\/li>\n<\/ol>\n<ul data-start=\"457\" data-end=\"619\">\n<li data-start=\"457\" data-end=\"508\">Provide accurate and up-to-date information.<\/li>\n<li data-start=\"509\" data-end=\"561\">Use our services legally and ethically.<\/li>\n<li data-start=\"562\" data-end=\"619\">Not engage in fraudulent or unlawful activities.<\/li>\n<\/ul>\n<ol start=\"4\" data-start=\"621\" data-end=\"1374\" data-is-last-node=\"\" data-is-only-node=\"\">\n<li data-start=\"621\" data-end=\"803\">\n<p data-start=\"624\" data-end=\"803\"><strong data-start=\"624\" data-end=\"643\">4. Payment and Fees<\/strong><br data-start=\"643\" data-end=\"646\" \/>Fees for our services are as agreed upon between you and Absolute Dispatch LLC. Failure to pay may result in service termination.<\/p>\n<\/li>\n<li data-start=\"805\" data-end=\"985\">\n<p data-start=\"808\" data-end=\"985\"><strong data-start=\"808\" data-end=\"841\">Limitation of Liability<\/strong><br data-start=\"841\" data-end=\"844\" \/>Absolute Dispatch LLC is not responsible for delays, losses, or damages resulting from third-party services such as brokers or carriers.<\/p>\n<\/li>\n<li data-start=\"987\" data-end=\"1112\">\n<p data-start=\"990\" data-end=\"1112\"><strong data-start=\"990\" data-end=\"1005\">6. Termination<\/strong><br data-start=\"1005\" data-end=\"1008\" \/>We reserve the right to suspend or terminate services if users violate these Terms.<\/p>\n<\/li>\n<li data-start=\"1114\" data-end=\"1275\">\n<p data-start=\"1117\" data-end=\"1275\"><strong data-start=\"1117\" data-end=\"1144\">7. Changes to Terms<\/strong><br data-start=\"1144\" data-end=\"1147\" \/>We may update these Terms, and continued use of our services implies acceptance of the updated Terms.<\/p>\n<\/li>\n<li data-start=\"1277\" data-end=\"1374\" data-is-last-node=\"\">\n<p data-start=\"1280\" data-end=\"1374\" data-is-last-node=\"\"><strong data-start=\"1280\" data-end=\"1307\">8. Contact Information<\/strong><br data-start=\"1307\" data-end=\"1310\" \/>For any concerns, contact us at [info@absolutedispatch.com.<\/p>\n<\/li>\n<\/ol>\n<p data-pm-slice=\"1 1 []\">\u00a0<\/p>\t\t\t\t\t\t\t\t<\/div>\n\t\t\t\t<\/div>\n\t\t\t\t\t<\/div>\n\t\t\t\t<\/div>\n\t\t\t\t<\/div>","protected":false},"excerpt":{"rendered":"<p>Terminos Y Condiciones Fecha de Vigencia: 1ero de Febrero del 2025 Introducci\u00f3nEstos T\u00e9rminos regulan el uso del sitio web y los servicios de Absolute Dispatch LLC. Al utilizar nuestro sitio web, aceptas estos T\u00e9rminos. Servicios PrestadosBrindamos servicios de despacho, incluyendo reserva de cargas, planificaci\u00f3n de rutas, verificaci\u00f3n de brokers y asistencia log\u00edstica relacionada. Responsabilidades del [&hellip;]<\/p>\n","protected":false},"author":1,"featured_media":0,"parent":0,"menu_order":0,"comment_status":"closed","ping_status":"closed","template":"","meta":{"_joinchat":[],"footnotes":""},"class_list":["post-3388","page","type-page","status-publish","hentry"],"blocksy_meta":[],"_links":{"self":[{"href":"https:\/\/absolutedispatch.com\/en\/wp-json\/wp\/v2\/pages\/3388","targetHints":{"allow":["GET"]}}],"collection":[{"href":"https:\/\/absolutedispatch.com\/en\/wp-json\/wp\/v2\/pages"}],"about":[{"href":"https:\/\/absolutedispatch.com\/en\/wp-json\/wp\/v2\/types\/page"}],"author":[{"embeddable":true,"href":"https:\/\/absolutedispatch.com\/en\/wp-json\/wp\/v2\/users\/1"}],"replies":[{"embeddable":true,"href":"https:\/\/absolutedispatch.com\/en\/wp-json\/wp\/v2\/comments?post=3388"}],"version-history":[{"count":16,"href":"https:\/\/absolutedispatch.com\/en\/wp-json\/wp\/v2\/pages\/3388\/revisions"}],"predecessor-version":[{"id":3561,"href":"https:\/\/absolutedispatch.com\/en\/wp-json\/wp\/v2\/pages\/3388\/revisions\/3561"}],"wp:attachment":[{"href":"https:\/\/absolutedispatch.com\/en\/wp-json\/wp\/v2\/media?parent=3388"}],"curies":[{"name":"wp","href":"https:\/\/api.w.org\/{rel}","templated":true}]}}