{"id":3389,"date":"2025-02-27T04:08:35","date_gmt":"2025-02-27T11:08:35","guid":{"rendered":"https:\/\/absolutedispatch.com\/?page_id=3389"},"modified":"2025-03-01T16:05:36","modified_gmt":"2025-03-01T23:05:36","slug":"politica-de-cookies","status":"publish","type":"page","link":"https:\/\/absolutedispatch.com\/en\/politica-de-cookies\/","title":{"rendered":"Cookies Policy"},"content":{"rendered":"\t\t<div data-elementor-type=\"wp-page\" data-elementor-id=\"3389\" class=\"elementor elementor-3389\">\n\t\t\t\t<div class=\"elementor-element elementor-element-5d93fb7 e-flex e-con-boxed e-con e-parent\" data-id=\"5d93fb7\" data-element_type=\"container\" data-e-type=\"container\">\n\t\t\t\t\t<div class=\"e-con-inner\">\n\t\t\t\t<div class=\"elementor-element elementor-element-3351485 elementor-widget__width-inherit elementor-widget elementor-widget-heading\" data-id=\"3351485\" data-element_type=\"widget\" data-e-type=\"widget\" data-widget_type=\"heading.default\">\n\t\t\t\t<div class=\"elementor-widget-container\">\n\t\t\t\t\t<h1 class=\"elementor-heading-title elementor-size-default\">Pol\u00edtica de Cookies<\/h1>\t\t\t\t<\/div>\n\t\t\t\t<\/div>\n\t\t\t\t<div class=\"elementor-element elementor-element-4f98fcb elementor-widget elementor-widget-text-editor\" data-id=\"4f98fcb\" data-element_type=\"widget\" data-e-type=\"widget\" data-widget_type=\"text-editor.default\">\n\t\t\t\t<div class=\"elementor-widget-container\">\n\t\t\t\t\t\t\t\t\t<article class=\"w-full text-token-text-primary focus-visible:outline-2 focus-visible:outline-offset-[-4px]\" dir=\"auto\" data-testid=\"conversation-turn-185\" data-scroll-anchor=\"true\">\n<div class=\"m-auto text-base py-[18px] px-6\">\n<div class=\"mx-auto flex flex-1 text-base gap-4 md:gap-5 lg:gap-6 md:max-w-3xl lg:max-w-[40rem] xl:max-w-[48rem]\">\n<div class=\"group\/conversation-turn relative flex w-full min-w-0 flex-col agent-turn @xs\/thread:px-0 @sm\/thread:px-1.5 @md\/thread:px-4\">\n<div class=\"flex-col gap-1 md:gap-3\">\n<div class=\"flex max-w-full flex-col flex-grow\">\n<div class=\"min-h-8 text-message relative flex w-full flex-col items-end gap-2 whitespace-normal break-words text-start [.text-message+&amp;]:mt-5\" dir=\"auto\" data-message-author-role=\"assistant\" data-message-id=\"e503f05c-7046-4be9-91c9-0066c45ee395\" data-message-model-slug=\"gpt-4o\">\n<div class=\"flex w-full flex-col gap-1 empty:hidden first:pt-[3px]\">\n<div class=\"markdown prose w-full break-words dark:prose-invert light\">\n<p data-start=\"72\" data-end=\"139\"><strong data-start=\"98\" data-end=\"120\">Fecha de Vigencia:<\/strong> 1ero de Febrero del 2025<\/p>\n<ol data-start=\"141\" data-end=\"354\">\n<li data-start=\"141\" data-end=\"320\">\n<p data-start=\"144\" data-end=\"320\"><strong data-start=\"144\" data-end=\"169\">\u00bfQu\u00e9 son las Cookies?<\/strong><br data-start=\"169\" data-end=\"172\" \/>Las cookies son peque\u00f1os archivos de datos almacenados en tu dispositivo para mejorar la funcionalidad del sitio web y la experiencia del usuario.<\/p>\n<\/li>\n<li data-start=\"322\" data-end=\"354\">\n<p data-start=\"325\" data-end=\"354\"><strong data-start=\"325\" data-end=\"352\">C\u00f3mo Usamos las Cookies<\/strong><\/p>\n<\/li>\n<\/ol>\n<ul data-start=\"356\" data-end=\"489\">\n<li data-start=\"356\" data-end=\"403\">Para recordar las preferencias del usuario.<\/li>\n<li data-start=\"404\" data-end=\"447\">Para analizar el tr\u00e1fico del sitio web.<\/li>\n<li data-start=\"448\" data-end=\"489\">Para fines de marketing y publicidad.<\/li>\n<\/ul>\n<ol start=\"3\" data-start=\"491\" data-end=\"867\" data-is-last-node=\"\" data-is-only-node=\"\">\n<li data-start=\"491\" data-end=\"681\">\n<p data-start=\"494\" data-end=\"681\"><strong data-start=\"494\" data-end=\"516\">Gesti\u00f3n de Cookies<\/strong><br data-start=\"516\" data-end=\"519\" \/>Puedes gestionar o desactivar las cookies en la configuraci\u00f3n de tu navegador. Sin embargo, desactivar las cookies puede afectar la funcionalidad del sitio web.<\/p>\n<\/li>\n<li data-start=\"683\" data-end=\"867\" data-is-last-node=\"\">\n<p data-start=\"686\" data-end=\"867\" data-is-last-node=\"\"><strong data-start=\"686\" data-end=\"722\">Actualizaciones de esta Pol\u00edtica<\/strong><br data-start=\"722\" data-end=\"725\" \/>Podemos actualizar nuestra Pol\u00edtica de Cookies peri\u00f3dicamente. El uso continuo de nuestro sitio web implica la aceptaci\u00f3n de cualquier cambio.<\/p>\n<\/li>\n<\/ol>\n<\/div>\n<\/div>\n<\/div>\n<\/div>\n<div class=\"mb-2 flex gap-3 empty:hidden -ml-2\">\u00a0<\/div>\n<\/div>\n<\/div>\n<\/div>\n<\/div>\n<\/article>\t\t\t\t\t\t\t\t<\/div>\n\t\t\t\t<\/div>\n\t\t\t\t\t<\/div>\n\t\t\t\t<\/div>\n\t\t\t\t<\/div>\n\t\t","protected":false},"excerpt":{"rendered":"<p>Pol\u00edtica de Cookies Fecha de Vigencia: 1ero de Febrero del 2025 \u00bfQu\u00e9 son las Cookies?Las cookies son peque\u00f1os archivos de datos almacenados en tu dispositivo para mejorar la funcionalidad del sitio web y la experiencia del usuario. C\u00f3mo Usamos las Cookies Para recordar las preferencias del usuario. Para analizar el tr\u00e1fico del sitio web. Para [&hellip;]<\/p>\n","protected":false},"author":1,"featured_media":0,"parent":0,"menu_order":0,"comment_status":"closed","ping_status":"closed","template":"","meta":{"_joinchat":[],"footnotes":""},"class_list":["post-3389","page","type-page","status-publish","hentry"],"blocksy_meta":[],"_links":{"self":[{"href":"https:\/\/absolutedispatch.com\/en\/wp-json\/wp\/v2\/pages\/3389","targetHints":{"allow":["GET"]}}],"collection":[{"href":"https:\/\/absolutedispatch.com\/en\/wp-json\/wp\/v2\/pages"}],"about":[{"href":"https:\/\/absolutedispatch.com\/en\/wp-json\/wp\/v2\/types\/page"}],"author":[{"embeddable":true,"href":"https:\/\/absolutedispatch.com\/en\/wp-json\/wp\/v2\/users\/1"}],"replies":[{"embeddable":true,"href":"https:\/\/absolutedispatch.com\/en\/wp-json\/wp\/v2\/comments?post=3389"}],"version-history":[{"count":13,"href":"https:\/\/absolutedispatch.com\/en\/wp-json\/wp\/v2\/pages\/3389\/revisions"}],"predecessor-version":[{"id":3564,"href":"https:\/\/absolutedispatch.com\/en\/wp-json\/wp\/v2\/pages\/3389\/revisions\/3564"}],"wp:attachment":[{"href":"https:\/\/absolutedispatch.com\/en\/wp-json\/wp\/v2\/media?parent=3389"}],"curies":[{"name":"wp","href":"https:\/\/api.w.org\/{rel}","templated":true}]}}