{"id":3390,"date":"2025-02-27T04:08:35","date_gmt":"2025-02-27T11:08:35","guid":{"rendered":"https:\/\/absolutedispatch.com\/?page_id=3390"},"modified":"2025-03-01T16:08:59","modified_gmt":"2025-03-01T23:08:59","slug":"aviso-legal","status":"publish","type":"page","link":"https:\/\/absolutedispatch.com\/en\/aviso-legal\/","title":{"rendered":"DISCLAIMER"},"content":{"rendered":"<div data-elementor-type=\"wp-page\" data-elementor-id=\"3390\" class=\"elementor elementor-3390\">\n\t\t\t\t<div class=\"elementor-element elementor-element-e8abcc0 e-flex e-con-boxed e-con e-parent\" data-id=\"e8abcc0\" data-element_type=\"container\" data-e-type=\"container\">\n\t\t\t\t\t<div class=\"e-con-inner\">\n\t\t\t\t<div class=\"elementor-element elementor-element-80b102b elementor-widget elementor-widget-heading\" data-id=\"80b102b\" data-element_type=\"widget\" data-e-type=\"widget\" data-widget_type=\"heading.default\">\n\t\t\t\t<div class=\"elementor-widget-container\">\n\t\t\t\t\t<h1 class=\"elementor-heading-title elementor-size-default\">DISCLAIMER<\/h1>\t\t\t\t<\/div>\n\t\t\t\t<\/div>\n\t\t\t\t<div class=\"elementor-element elementor-element-ca5c6cb elementor-widget elementor-widget-text-editor\" data-id=\"ca5c6cb\" data-element_type=\"widget\" data-e-type=\"widget\" data-widget_type=\"text-editor.default\">\n\t\t\t\t<div class=\"elementor-widget-container\">\n\t\t\t\t\t\t\t\t\t<p data-start=\"101\" data-end=\"160\"><strong data-start=\"119\" data-end=\"141\">Effective Date:<\/strong> February 1st, 2025<\/p><ol data-start=\"162\" data-end=\"811\"><li data-start=\"162\" data-end=\"352\"><p data-start=\"165\" data-end=\"352\"><strong data-start=\"165\" data-end=\"188\">General Information<\/strong><br data-start=\"188\" data-end=\"191\" \/>The information provided on our website is for general informational purposes only. It does not constitute legal, financial, or professional advice.<\/p><\/li><li data-start=\"354\" data-end=\"548\"><p data-start=\"357\" data-end=\"548\"><strong data-start=\"357\" data-end=\"374\">No Guarantees<\/strong><br data-start=\"374\" data-end=\"377\" \/>While we strive for accuracy, Absolute Dispatch LLC does not guarantee the completeness or reliability of any information on this site.<\/p><\/li><li data-start=\"550\" data-end=\"723\"><p data-start=\"553\" data-end=\"723\"><strong data-start=\"553\" data-end=\"586\">Limitation of Liability<\/strong><br data-start=\"586\" data-end=\"589\" \/>We are not responsible for any losses, damages, or disruptions resulting from reliance on the information or services provided.<\/p><\/li><li data-start=\"725\" data-end=\"811\"><p data-start=\"728\" data-end=\"811\"><strong data-start=\"728\" data-end=\"740\">Contact<\/strong><br data-start=\"740\" data-end=\"743\" \/>If you have any questions, please contact us at info@absolutedispatch.com.<\/p><\/li><\/ol>\t\t\t\t\t\t\t\t<\/div>\n\t\t\t\t<\/div>\n\t\t\t\t\t<\/div>\n\t\t\t\t<\/div>\n\t\t\t\t<\/div>","protected":false},"excerpt":{"rendered":"<p>Aviso Legal Fecha de Vigencia: 1ero de Febrero del 2025 Informaci\u00f3n GeneralLa informaci\u00f3n proporcionada en nuestro sitio web es \u00fanicamente para fines informativos generales. No constituye asesoramiento legal, financiero o profesional. Sin Garant\u00edasSi bien nos esforzamos por garantizar la precisi\u00f3n de la informaci\u00f3n, Absolute Dispatch LLC no garantiza la integridad o confiabilidad de ning\u00fan contenido [&hellip;]<\/p>\n","protected":false},"author":1,"featured_media":0,"parent":0,"menu_order":0,"comment_status":"closed","ping_status":"closed","template":"","meta":{"_joinchat":[],"footnotes":""},"class_list":["post-3390","page","type-page","status-publish","hentry"],"blocksy_meta":[],"_links":{"self":[{"href":"https:\/\/absolutedispatch.com\/en\/wp-json\/wp\/v2\/pages\/3390","targetHints":{"allow":["GET"]}}],"collection":[{"href":"https:\/\/absolutedispatch.com\/en\/wp-json\/wp\/v2\/pages"}],"about":[{"href":"https:\/\/absolutedispatch.com\/en\/wp-json\/wp\/v2\/types\/page"}],"author":[{"embeddable":true,"href":"https:\/\/absolutedispatch.com\/en\/wp-json\/wp\/v2\/users\/1"}],"replies":[{"embeddable":true,"href":"https:\/\/absolutedispatch.com\/en\/wp-json\/wp\/v2\/comments?post=3390"}],"version-history":[{"count":14,"href":"https:\/\/absolutedispatch.com\/en\/wp-json\/wp\/v2\/pages\/3390\/revisions"}],"predecessor-version":[{"id":3549,"href":"https:\/\/absolutedispatch.com\/en\/wp-json\/wp\/v2\/pages\/3390\/revisions\/3549"}],"wp:attachment":[{"href":"https:\/\/absolutedispatch.com\/en\/wp-json\/wp\/v2\/media?parent=3390"}],"curies":[{"name":"wp","href":"https:\/\/api.w.org\/{rel}","templated":true}]}}